{"id":107,"date":"2026-03-20T08:06:03","date_gmt":"2026-03-20T08:06:03","guid":{"rendered":"https:\/\/leabaumgartner.studentsweb.at\/?page_id=107"},"modified":"2026-03-27T08:01:00","modified_gmt":"2026-03-27T08:01:00","slug":"projekte","status":"publish","type":"page","link":"https:\/\/leabaumgartner.studentsweb.at\/?page_id=107","title":{"rendered":"Projekte"},"content":{"rendered":"<style>.kb-row-layout-id107_f19cd2-c2 > .kt-row-column-wrap{align-content:center;}:where(.kb-row-layout-id107_f19cd2-c2 > .kt-row-column-wrap) > .wp-block-kadence-column{justify-content:center;}.kb-row-layout-id107_f19cd2-c2 > .kt-row-column-wrap{column-gap:var(--global-kb-gap-md, 2rem);row-gap:var(--global-kb-gap-lg, 4rem);max-width:var( --global-content-width, 1290px );padding-left:var(--global-content-edge-padding);padding-right:var(--global-content-edge-padding);padding-top:var(--global-kb-spacing-3xl, 6.5rem);padding-bottom:var(--global-kb-spacing-3xl, 6.5rem);grid-template-columns:repeat(2, minmax(0, 1fr));}.kb-row-layout-id107_f19cd2-c2 > .kt-row-layout-overlay{opacity:0.30;}@media all and (max-width: 1024px){.kb-row-layout-id107_f19cd2-c2 > .kt-row-column-wrap{grid-template-columns:repeat(2, minmax(0, 1fr));}}@media all and (max-width: 767px){.kb-row-layout-id107_f19cd2-c2 > .kt-row-column-wrap{grid-template-columns:minmax(0, 1fr);}}<\/style><div class=\"kb-row-layout-wrap kb-row-layout-id107_f19cd2-c2 alignfull has-theme-palette9-background-color kt-row-has-bg wp-block-kadence-rowlayout\"><div class=\"kt-row-column-wrap kt-has-2-columns kt-row-layout-equal kt-tab-layout-inherit kt-mobile-layout-row kt-row-valign-middle kb-theme-content-width\">\n<style>.kadence-column107_336982-c8 > .kt-inside-inner-col,.kadence-column107_336982-c8 > .kt-inside-inner-col:before{border-top-left-radius:0px;border-top-right-radius:0px;border-bottom-right-radius:0px;border-bottom-left-radius:0px;}.kadence-column107_336982-c8 > .kt-inside-inner-col{column-gap:var(--global-kb-gap-sm, 1rem);}.kadence-column107_336982-c8 > .kt-inside-inner-col{flex-direction:column;}.kadence-column107_336982-c8 > .kt-inside-inner-col > .aligncenter{width:100%;}.kadence-column107_336982-c8 > .kt-inside-inner-col:before{opacity:0.3;}.kadence-column107_336982-c8{position:relative;}@media all and (max-width: 1024px){.kadence-column107_336982-c8 > .kt-inside-inner-col{flex-direction:column;justify-content:center;}}@media all and (max-width: 767px){.kadence-column107_336982-c8 > .kt-inside-inner-col{flex-direction:column;justify-content:center;}}<\/style>\n<div class=\"wp-block-kadence-column kadence-column107_336982-c8 inner-column-1\"><div class=\"kt-inside-inner-col\"><style>.wp-block-kadence-column.kb-section-dir-horizontal > .kt-inside-inner-col > .kt-info-box107_d5fc90-c7 .kt-blocks-info-box-link-wrap{max-width:unset;}.kt-info-box107_d5fc90-c7 .kt-blocks-info-box-link-wrap{border-top:5px solid var(--global-palette7, #eeeeee);border-right:5px solid var(--global-palette7, #eeeeee);border-bottom:5px solid var(--global-palette7, #eeeeee);border-left:5px solid var(--global-palette7, #eeeeee);border-top-left-radius:20px;border-top-right-radius:20px;border-bottom-right-radius:20px;border-bottom-left-radius:20px;background:var(--global-palette9, #ffffff);padding-top:var(--global-kb-spacing-sm, 1.5rem);padding-right:var(--global-kb-spacing-sm, 1.5rem);padding-bottom:var(--global-kb-spacing-sm, 1.5rem);padding-left:var(--global-kb-spacing-sm, 1.5rem);margin-top:50px;}.kt-info-box107_d5fc90-c7 .kt-blocks-info-box-link-wrap:hover{background:var(--global-palette9, #ffffff);}.kt-info-box107_d5fc90-c7 .kadence-info-box-icon-container .kt-info-svg-icon, .kt-info-box107_d5fc90-c7 .kt-info-svg-icon-flip, .kt-info-box107_d5fc90-c7 .kt-blocks-info-box-number{font-size:50px;}.kt-info-box107_d5fc90-c7 .kt-blocks-info-box-media{color:var(--global-palette3, #1A202C);background:#ffffff;border-color:var(--global-palette7, #eeeeee);border-radius:200px;overflow:hidden;border-top-width:5px;border-right-width:5px;border-bottom-width:5px;border-left-width:5px;padding-top:20px;padding-right:20px;padding-bottom:20px;padding-left:20px;}.kt-info-box107_d5fc90-c7 .kt-blocks-info-box-media-container{margin-top:-75px;margin-right:0px;margin-bottom:20px;margin-left:0px;}.kt-info-box107_d5fc90-c7 .kt-blocks-info-box-media .kadence-info-box-image-intrisic img{border-radius:200px;}.kt-info-box107_d5fc90-c7 .kt-infobox-textcontent h4.kt-blocks-info-box-title{color:var(--global-palette3, #1A202C);line-height:1.1;padding-top:0px;padding-right:0px;padding-bottom:0px;padding-left:0px;margin-top:5px;margin-right:0px;margin-bottom:10px;margin-left:0px;}.kt-info-box107_d5fc90-c7 .kt-infobox-textcontent .kt-blocks-info-box-text{color:var(--global-palette4, #2D3748);}.kt-info-box107_d5fc90-c7 .kt-blocks-info-box-learnmore{background:transparent;border-width:0px 0px 0px 0px;padding-top:4px;padding-right:8px;padding-bottom:4px;padding-left:8px;margin-top:10px;margin-right:0px;margin-bottom:10px;margin-left:0px;}@media all and (max-width: 1024px){.kt-info-box107_d5fc90-c7 .kt-blocks-info-box-link-wrap{border-top:5px solid var(--global-palette7, #eeeeee);border-right:5px solid var(--global-palette7, #eeeeee);border-bottom:5px solid var(--global-palette7, #eeeeee);border-left:5px solid var(--global-palette7, #eeeeee);}}@media all and (max-width: 767px){.kt-info-box107_d5fc90-c7 .kt-blocks-info-box-link-wrap{border-top:5px solid var(--global-palette7, #eeeeee);border-right:5px solid var(--global-palette7, #eeeeee);border-bottom:5px solid var(--global-palette7, #eeeeee);border-left:5px solid var(--global-palette7, #eeeeee);}}<\/style>\n<div class=\"wp-block-kadence-infobox kt-info-box107_d5fc90-c7\"><span class=\"kt-blocks-info-box-link-wrap info-box-link kt-blocks-info-box-media-align-top kt-info-halign-left kb-info-box-vertical-media-align-top\"><div class=\"kt-blocks-info-box-media-container\"><div class=\"kt-blocks-info-box-media kt-info-media-animate-none\"><div class=\"kadence-info-box-icon-container kt-info-icon-animate-none\"><div class=\"kadence-info-box-icon-inner-container\"><span class=\"kb-svg-icon-wrap kb-svg-icon-fe_checkCircle kt-info-svg-icon\"><svg viewBox=\"0 0 24 24\"  fill=\"none\" stroke=\"currentColor\" stroke-width=\"2\" stroke-linecap=\"round\" stroke-linejoin=\"round\" xmlns=\"http:\/\/www.w3.org\/2000\/svg\"  aria-hidden=\"true\"><path d=\"M22 11.08V12a10 10 0 1 1-5.93-9.14\"\/><polyline points=\"22 4 12 14.01 9 11.01\"\/><\/svg><\/span><\/div><\/div><\/div><\/div><div class=\"kt-infobox-textcontent\"><h4 class=\"kt-blocks-info-box-title\">Meine Zielgruppen sind&#8230;<\/h4><p class=\"kt-blocks-info-box-text\">Menschen und Organisationen, die mit jungen Menschen arbeiten oder deren Entwicklung f\u00f6rdern.<br><\/p><\/div><\/span><\/div>\n\n\n<style>.wp-block-kadence-column.kb-section-dir-horizontal > .kt-inside-inner-col > .kt-info-box107_a66c7f-e6 .kt-blocks-info-box-link-wrap{max-width:unset;}.kt-info-box107_a66c7f-e6 .kt-blocks-info-box-link-wrap{border-top:5px solid var(--global-palette7, #eeeeee);border-right:5px solid var(--global-palette7, #eeeeee);border-bottom:5px solid var(--global-palette7, #eeeeee);border-left:5px solid var(--global-palette7, #eeeeee);border-top-left-radius:20px;border-top-right-radius:20px;border-bottom-right-radius:20px;border-bottom-left-radius:20px;background:var(--global-palette9, #ffffff);padding-top:var(--global-kb-spacing-sm, 1.5rem);padding-right:var(--global-kb-spacing-sm, 1.5rem);padding-bottom:var(--global-kb-spacing-sm, 1.5rem);padding-left:var(--global-kb-spacing-sm, 1.5rem);margin-top:50px;}.kt-info-box107_a66c7f-e6 .kt-blocks-info-box-link-wrap:hover{background:var(--global-palette9, #ffffff);}.kt-info-box107_a66c7f-e6 .kadence-info-box-icon-container .kt-info-svg-icon, .kt-info-box107_a66c7f-e6 .kt-info-svg-icon-flip, .kt-info-box107_a66c7f-e6 .kt-blocks-info-box-number{font-size:50px;}.kt-info-box107_a66c7f-e6 .kt-blocks-info-box-media{color:var(--global-palette3, #1A202C);background:#ffffff;border-color:var(--global-palette7, #eeeeee);border-radius:200px;overflow:hidden;border-top-width:5px;border-right-width:5px;border-bottom-width:5px;border-left-width:5px;padding-top:20px;padding-right:20px;padding-bottom:20px;padding-left:20px;}.kt-info-box107_a66c7f-e6 .kt-blocks-info-box-media-container{margin-top:-75px;margin-right:0px;margin-bottom:20px;margin-left:0px;}.kt-info-box107_a66c7f-e6 .kt-blocks-info-box-media .kadence-info-box-image-intrisic img{border-radius:200px;}.kt-info-box107_a66c7f-e6 .kt-infobox-textcontent h4.kt-blocks-info-box-title{color:var(--global-palette3, #1A202C);line-height:1.1;padding-top:0px;padding-right:0px;padding-bottom:0px;padding-left:0px;margin-top:5px;margin-right:0px;margin-bottom:10px;margin-left:0px;}.kt-info-box107_a66c7f-e6 .kt-infobox-textcontent .kt-blocks-info-box-text{color:var(--global-palette3, #1A202C);}.kt-info-box107_a66c7f-e6 .kt-blocks-info-box-learnmore{background:transparent;border-width:0px 0px 0px 0px;padding-top:4px;padding-right:8px;padding-bottom:4px;padding-left:8px;margin-top:10px;margin-right:0px;margin-bottom:10px;margin-left:0px;}@media all and (max-width: 1024px){.kt-info-box107_a66c7f-e6 .kt-blocks-info-box-link-wrap{border-top:5px solid var(--global-palette7, #eeeeee);border-right:5px solid var(--global-palette7, #eeeeee);border-bottom:5px solid var(--global-palette7, #eeeeee);border-left:5px solid var(--global-palette7, #eeeeee);}}@media all and (max-width: 767px){.kt-info-box107_a66c7f-e6 .kt-blocks-info-box-link-wrap{border-top:5px solid var(--global-palette7, #eeeeee);border-right:5px solid var(--global-palette7, #eeeeee);border-bottom:5px solid var(--global-palette7, #eeeeee);border-left:5px solid var(--global-palette7, #eeeeee);}}<\/style>\n<div class=\"wp-block-kadence-infobox kt-info-box107_a66c7f-e6\"><span class=\"kt-blocks-info-box-link-wrap info-box-link kt-blocks-info-box-media-align-top kt-info-halign-left kb-info-box-vertical-media-align-top\"><div class=\"kt-blocks-info-box-media-container\"><div class=\"kt-blocks-info-box-media kt-info-media-animate-none\"><div class=\"kadence-info-box-icon-container kt-info-icon-animate-none\"><div class=\"kadence-info-box-icon-inner-container\"><span class=\"kb-svg-icon-wrap kb-svg-icon-fe_checkCircle kt-info-svg-icon\"><svg viewBox=\"0 0 24 24\"  fill=\"none\" stroke=\"currentColor\" stroke-width=\"2\" stroke-linecap=\"round\" stroke-linejoin=\"round\" xmlns=\"http:\/\/www.w3.org\/2000\/svg\"  aria-hidden=\"true\"><path d=\"M22 11.08V12a10 10 0 1 1-5.93-9.14\"\/><polyline points=\"22 4 12 14.01 9 11.01\"\/><\/svg><\/span><\/div><\/div><\/div><\/div><div class=\"kt-infobox-textcontent\"><h4 class=\"kt-blocks-info-box-title\">Ich leite&#8230;<\/h4><p class=\"kt-blocks-info-box-text\">&#8211; Ausbildertrainings (\u00a729 BAG \/ ADA)<br>&#8211; Lehrlingsseminare<br>&#8211; F\u00fchrungskr\u00e4fteworkshops<br>&#8211; Einzelcoachings<br>&#8211; LAP-Vorbereitungen<br>&#8211; Lehrlingscoach-Lehrg\u00e4nge<\/p><\/div><\/span><\/div>\n<\/div><\/div>\n\n\n<style>.kadence-column107_f990b4-88 > .kt-inside-inner-col,.kadence-column107_f990b4-88 > .kt-inside-inner-col:before{border-top-left-radius:0px;border-top-right-radius:0px;border-bottom-right-radius:0px;border-bottom-left-radius:0px;}.kadence-column107_f990b4-88 > .kt-inside-inner-col{column-gap:var(--global-kb-gap-sm, 1rem);}.kadence-column107_f990b4-88 > .kt-inside-inner-col{flex-direction:column;}.kadence-column107_f990b4-88 > .kt-inside-inner-col > .aligncenter{width:100%;}.kadence-column107_f990b4-88 > .kt-inside-inner-col:before{opacity:0.3;}.kadence-column107_f990b4-88{position:relative;}@media all and (max-width: 1024px){.kadence-column107_f990b4-88 > .kt-inside-inner-col{flex-direction:column;justify-content:center;}}@media all and (max-width: 767px){.kadence-column107_f990b4-88 > .kt-inside-inner-col{flex-direction:column;justify-content:center;}}<\/style>\n<div class=\"wp-block-kadence-column kadence-column107_f990b4-88 inner-column-1\"><div class=\"kt-inside-inner-col\"><style>.wp-block-kadence-column.kb-section-dir-horizontal > .kt-inside-inner-col > .kt-info-box107_77d474-eb .kt-blocks-info-box-link-wrap{max-width:unset;}.kt-info-box107_77d474-eb .kt-blocks-info-box-link-wrap{border-top:5px solid var(--global-palette7, #eeeeee);border-right:5px solid var(--global-palette7, #eeeeee);border-bottom:5px solid var(--global-palette7, #eeeeee);border-left:5px solid var(--global-palette7, #eeeeee);border-top-left-radius:20px;border-top-right-radius:20px;border-bottom-right-radius:20px;border-bottom-left-radius:20px;background:var(--global-palette9, #ffffff);padding-top:var(--global-kb-spacing-sm, 1.5rem);padding-right:var(--global-kb-spacing-sm, 1.5rem);padding-bottom:var(--global-kb-spacing-sm, 1.5rem);padding-left:var(--global-kb-spacing-sm, 1.5rem);margin-top:50px;}.kt-info-box107_77d474-eb .kt-blocks-info-box-link-wrap:hover{background:var(--global-palette9, #ffffff);}.kt-info-box107_77d474-eb .kadence-info-box-icon-container .kt-info-svg-icon, .kt-info-box107_77d474-eb .kt-info-svg-icon-flip, .kt-info-box107_77d474-eb .kt-blocks-info-box-number{font-size:50px;}.kt-info-box107_77d474-eb .kt-blocks-info-box-media{color:var(--global-palette3, #1A202C);background:#ffffff;border-color:var(--global-palette7, #eeeeee);border-radius:200px;overflow:hidden;border-top-width:5px;border-right-width:5px;border-bottom-width:5px;border-left-width:5px;padding-top:20px;padding-right:20px;padding-bottom:20px;padding-left:20px;}.kt-info-box107_77d474-eb .kt-blocks-info-box-media-container{margin-top:-75px;margin-right:0px;margin-bottom:20px;margin-left:0px;}.kt-info-box107_77d474-eb .kt-blocks-info-box-media .kadence-info-box-image-intrisic img{border-radius:200px;}.kt-info-box107_77d474-eb .kt-infobox-textcontent h4.kt-blocks-info-box-title{color:var(--global-palette3, #1A202C);line-height:1.1;padding-top:0px;padding-right:0px;padding-bottom:0px;padding-left:0px;margin-top:5px;margin-right:0px;margin-bottom:10px;margin-left:0px;}.kt-info-box107_77d474-eb .kt-infobox-textcontent .kt-blocks-info-box-text{color:var(--global-palette4, #2D3748);}.kt-info-box107_77d474-eb .kt-blocks-info-box-learnmore{background:transparent;border-width:0px 0px 0px 0px;padding-top:4px;padding-right:8px;padding-bottom:4px;padding-left:8px;margin-top:10px;margin-right:0px;margin-bottom:10px;margin-left:0px;}@media all and (max-width: 1024px){.kt-info-box107_77d474-eb .kt-blocks-info-box-link-wrap{border-top:5px solid var(--global-palette7, #eeeeee);border-right:5px solid var(--global-palette7, #eeeeee);border-bottom:5px solid var(--global-palette7, #eeeeee);border-left:5px solid var(--global-palette7, #eeeeee);}}@media all and (max-width: 767px){.kt-info-box107_77d474-eb .kt-blocks-info-box-link-wrap{border-top:5px solid var(--global-palette7, #eeeeee);border-right:5px solid var(--global-palette7, #eeeeee);border-bottom:5px solid var(--global-palette7, #eeeeee);border-left:5px solid var(--global-palette7, #eeeeee);}}<\/style>\n<div class=\"wp-block-kadence-infobox kt-info-box107_77d474-eb\"><span class=\"kt-blocks-info-box-link-wrap info-box-link kt-blocks-info-box-media-align-top kt-info-halign-left kb-info-box-vertical-media-align-top\"><div class=\"kt-blocks-info-box-media-container\"><div class=\"kt-blocks-info-box-media kt-info-media-animate-none\"><div class=\"kadence-info-box-icon-container kt-info-icon-animate-none\"><div class=\"kadence-info-box-icon-inner-container\"><span class=\"kb-svg-icon-wrap kb-svg-icon-fe_checkCircle kt-info-svg-icon\"><svg viewBox=\"0 0 24 24\"  fill=\"none\" stroke=\"currentColor\" stroke-width=\"2\" stroke-linecap=\"round\" stroke-linejoin=\"round\" xmlns=\"http:\/\/www.w3.org\/2000\/svg\"  aria-hidden=\"true\"><path d=\"M22 11.08V12a10 10 0 1 1-5.93-9.14\"\/><polyline points=\"22 4 12 14.01 9 11.01\"\/><\/svg><\/span><\/div><\/div><\/div><\/div><div class=\"kt-infobox-textcontent\"><h4 class=\"kt-blocks-info-box-title\">Ich arbeite mit&#8230;<\/h4><p class=\"kt-blocks-info-box-text\">1. Unternehmen (z. B. Handel, Industrie, Dienstleistung)<br>2. Ausbildungsbetrieben<br>3. Bildungseinrichtungen<br>4. Wirtschaftskammer<br>5. HeartBeat GmbH (seit 2018 Trainerin, Kundenbetreuung &amp; Leitung PQZ)<\/p><\/div><\/span><\/div>\n\n\n<style>.wp-block-kadence-column.kb-section-dir-horizontal > .kt-inside-inner-col > .kt-info-box107_ea84e5-3b .kt-blocks-info-box-link-wrap{max-width:unset;}.kt-info-box107_ea84e5-3b .kt-blocks-info-box-link-wrap{border-top:5px solid var(--global-palette7, #eeeeee);border-right:5px solid var(--global-palette7, #eeeeee);border-bottom:5px solid var(--global-palette7, #eeeeee);border-left:5px solid var(--global-palette7, #eeeeee);border-top-left-radius:20px;border-top-right-radius:20px;border-bottom-right-radius:20px;border-bottom-left-radius:20px;background:var(--global-palette9, #ffffff);padding-top:var(--global-kb-spacing-sm, 1.5rem);padding-right:var(--global-kb-spacing-sm, 1.5rem);padding-bottom:var(--global-kb-spacing-sm, 1.5rem);padding-left:var(--global-kb-spacing-sm, 1.5rem);margin-top:50px;}.kt-info-box107_ea84e5-3b .kt-blocks-info-box-link-wrap:hover{background:var(--global-palette9, #ffffff);}.kt-info-box107_ea84e5-3b .kadence-info-box-icon-container .kt-info-svg-icon, .kt-info-box107_ea84e5-3b .kt-info-svg-icon-flip, .kt-info-box107_ea84e5-3b .kt-blocks-info-box-number{font-size:50px;}.kt-info-box107_ea84e5-3b .kt-blocks-info-box-media{color:var(--global-palette3, #1A202C);background:#ffffff;border-color:var(--global-palette7, #eeeeee);border-radius:200px;overflow:hidden;border-top-width:5px;border-right-width:5px;border-bottom-width:5px;border-left-width:5px;padding-top:20px;padding-right:20px;padding-bottom:20px;padding-left:20px;}.kt-info-box107_ea84e5-3b .kt-blocks-info-box-media-container{margin-top:-75px;margin-right:0px;margin-bottom:20px;margin-left:0px;}.kt-info-box107_ea84e5-3b .kt-blocks-info-box-media .kadence-info-box-image-intrisic img{border-radius:200px;}.kt-info-box107_ea84e5-3b .kt-infobox-textcontent h4.kt-blocks-info-box-title{color:var(--global-palette3, #1A202C);line-height:1.1;padding-top:0px;padding-right:0px;padding-bottom:0px;padding-left:0px;margin-top:5px;margin-right:0px;margin-bottom:10px;margin-left:0px;}.kt-info-box107_ea84e5-3b .kt-infobox-textcontent .kt-blocks-info-box-text{color:var(--global-palette4, #2D3748);}.kt-info-box107_ea84e5-3b .kt-blocks-info-box-learnmore{background:transparent;border-width:0px 0px 0px 0px;padding-top:4px;padding-right:8px;padding-bottom:4px;padding-left:8px;margin-top:10px;margin-right:0px;margin-bottom:10px;margin-left:0px;}@media all and (max-width: 1024px){.kt-info-box107_ea84e5-3b .kt-blocks-info-box-link-wrap{border-top:5px solid var(--global-palette7, #eeeeee);border-right:5px solid var(--global-palette7, #eeeeee);border-bottom:5px solid var(--global-palette7, #eeeeee);border-left:5px solid var(--global-palette7, #eeeeee);}}@media all and (max-width: 767px){.kt-info-box107_ea84e5-3b .kt-blocks-info-box-link-wrap{border-top:5px solid var(--global-palette7, #eeeeee);border-right:5px solid var(--global-palette7, #eeeeee);border-bottom:5px solid var(--global-palette7, #eeeeee);border-left:5px solid var(--global-palette7, #eeeeee);}}<\/style>\n<div class=\"wp-block-kadence-infobox kt-info-box107_ea84e5-3b\"><span class=\"kt-blocks-info-box-link-wrap info-box-link kt-blocks-info-box-media-align-top kt-info-halign-left kb-info-box-vertical-media-align-top\"><div class=\"kt-blocks-info-box-media-container\"><div class=\"kt-blocks-info-box-media kt-info-media-animate-none\"><div class=\"kadence-info-box-icon-container kt-info-icon-animate-none\"><div class=\"kadence-info-box-icon-inner-container\"><span class=\"kb-svg-icon-wrap kb-svg-icon-fe_checkCircle kt-info-svg-icon\"><svg viewBox=\"0 0 24 24\"  fill=\"none\" stroke=\"currentColor\" stroke-width=\"2\" stroke-linecap=\"round\" stroke-linejoin=\"round\" xmlns=\"http:\/\/www.w3.org\/2000\/svg\"  aria-hidden=\"true\"><path d=\"M22 11.08V12a10 10 0 1 1-5.93-9.14\"\/><polyline points=\"22 4 12 14.01 9 11.01\"\/><\/svg><\/span><\/div><\/div><\/div><\/div><div class=\"kt-infobox-textcontent\"><h4 class=\"kt-blocks-info-box-title\">Inhalt meiner Termine&#8230;<\/h4><p class=\"kt-blocks-info-box-text\">&#8211; praxisorientierte Trainings<br>&#8211; interaktive \u00dcbungen<br>&#8211; erlebnisorientierte Lernsettings<br>&#8211; Rollenspiele<br>&#8211; Reflexionsmethoden<br>&#8211; Storytelling aus der Praxis<br>&#8211; konkrete Werkzeuge f\u00fcr den Alltag<\/p><\/div><\/span><\/div>\n<\/div><\/div>\n\n<\/div><\/div>\n\n\n<div style=\"height:52px\" aria-hidden=\"true\" class=\"wp-block-spacer\"><\/div>\n\n\n\n<h2 class=\"wp-block-heading\" style=\"margin-top:0;margin-right:var(--wp--preset--spacing--80);margin-bottom:0;margin-left:var(--wp--preset--spacing--80)\">Meine konkreten Zielgruppen sind&#8230;<\/h2>\n\n\n\n<ul style=\"margin-right:var(--wp--preset--spacing--80);margin-left:var(--wp--preset--spacing--80)\" class=\"wp-block-list\">\n<li>Lehrlingsausbilder:innen<\/li>\n\n\n\n<li>Unternehmen mit Lehrlingen (Handel, Gewerbe, Industrie, Dienstleistung)<\/li>\n\n\n\n<li>HR-Abteilungen &amp; Personalentwickler:innen<\/li>\n\n\n\n<li>Berufsschulen &amp; Bildungseinrichtungen<\/li>\n\n\n\n<li>F\u00fchrungskr\u00e4fte mit jungen Mitarbeiter:innen<\/li>\n\n\n\n<li>Lehrlinge und junge Erwachsene (indirekt)<\/li>\n\n\n\n<li>Eltern und p\u00e4dagogische Fachkr\u00e4fte (teilweise)<\/li>\n<\/ul>\n\n\n\n<h2 class=\"wp-block-heading\" style=\"margin-right:var(--wp--preset--spacing--80);margin-left:var(--wp--preset--spacing--80)\">Der Bedarf meiner Zielgruppen sind&#8230;<\/h2>\n\n\n\n<ul style=\"margin-right:var(--wp--preset--spacing--80);margin-left:var(--wp--preset--spacing--80)\" class=\"wp-block-list\">\n<li>Sicherheit im Umgang mit Lehrlingen<\/li>\n\n\n\n<li>Motivation &amp; Kommunikation im Arbeitsalltag<\/li>\n\n\n\n<li>Generationenverst\u00e4ndnis<\/li>\n\n\n\n<li>Konfliktl\u00f6sung<\/li>\n\n\n\n<li>rechtliche Orientierung (BAG, Jugendschutz, Ausbildungspflichten)<\/li>\n\n\n\n<li>Entwicklung von Selbstkompetenz und Sozialkompetenz<\/li>\n<\/ul>\n\n\n\n<div style=\"height:100px\" aria-hidden=\"true\" class=\"wp-block-spacer\"><\/div>\n\n\n\n<h2 class=\"wp-block-heading\" style=\"margin-right:var(--wp--preset--spacing--80);margin-left:var(--wp--preset--spacing--80)\">HeartBeat-Trainerin<\/h2>\n\n\n\n<figure class=\"wp-block-image size-full\" style=\"margin-right:var(--wp--preset--spacing--80);margin-left:var(--wp--preset--spacing--80)\"><img loading=\"lazy\" decoding=\"async\" width=\"756\" height=\"526\" src=\"https:\/\/leabaumgartner.studentsweb.at\/wp-content\/uploads\/2026\/03\/HeartBeat.png\" alt=\"\" class=\"wp-image-129\" srcset=\"https:\/\/leabaumgartner.studentsweb.at\/wp-content\/uploads\/2026\/03\/HeartBeat.png 756w, https:\/\/leabaumgartner.studentsweb.at\/wp-content\/uploads\/2026\/03\/HeartBeat-300x209.png 300w\" sizes=\"auto, (max-width: 756px) 100vw, 756px\" \/><\/figure>\n\n\n\n<p><\/p>\n","protected":false},"excerpt":{"rendered":"<p>Meine konkreten Zielgruppen sind&#8230; Der Bedarf meiner Zielgruppen sind&#8230; HeartBeat-Trainerin<\/p>\n","protected":false},"author":1,"featured_media":0,"parent":0,"menu_order":0,"comment_status":"closed","ping_status":"closed","template":"","meta":{"_kad_post_transparent":"","_kad_post_title":"","_kad_post_layout":"","_kad_post_sidebar_id":"","_kad_post_content_style":"","_kad_post_vertical_padding":"","_kad_post_feature":"","_kad_post_feature_position":"","_kad_post_header":false,"_kad_post_footer":false,"_kad_post_classname":"","footnotes":"[]"},"class_list":["post-107","page","type-page","status-publish","hentry"],"_links":{"self":[{"href":"https:\/\/leabaumgartner.studentsweb.at\/index.php?rest_route=\/wp\/v2\/pages\/107","targetHints":{"allow":["GET"]}}],"collection":[{"href":"https:\/\/leabaumgartner.studentsweb.at\/index.php?rest_route=\/wp\/v2\/pages"}],"about":[{"href":"https:\/\/leabaumgartner.studentsweb.at\/index.php?rest_route=\/wp\/v2\/types\/page"}],"author":[{"embeddable":true,"href":"https:\/\/leabaumgartner.studentsweb.at\/index.php?rest_route=\/wp\/v2\/users\/1"}],"replies":[{"embeddable":true,"href":"https:\/\/leabaumgartner.studentsweb.at\/index.php?rest_route=%2Fwp%2Fv2%2Fcomments&post=107"}],"version-history":[{"count":19,"href":"https:\/\/leabaumgartner.studentsweb.at\/index.php?rest_route=\/wp\/v2\/pages\/107\/revisions"}],"predecessor-version":[{"id":131,"href":"https:\/\/leabaumgartner.studentsweb.at\/index.php?rest_route=\/wp\/v2\/pages\/107\/revisions\/131"}],"wp:attachment":[{"href":"https:\/\/leabaumgartner.studentsweb.at\/index.php?rest_route=%2Fwp%2Fv2%2Fmedia&parent=107"}],"curies":[{"name":"wp","href":"https:\/\/api.w.org\/{rel}","templated":true}]}}