{"id":15,"date":"2026-02-27T08:11:57","date_gmt":"2026-02-27T08:11:57","guid":{"rendered":"https:\/\/leabaumgartner.studentsweb.at\/?page_id=15"},"modified":"2026-03-27T09:15:20","modified_gmt":"2026-03-27T09:15:20","slug":"ueber-mich","status":"publish","type":"page","link":"https:\/\/leabaumgartner.studentsweb.at\/?page_id=15","title":{"rendered":"\u00dcber mich"},"content":{"rendered":"\n<div class=\"wp-block-columns is-layout-flex wp-container-core-columns-is-layout-9d6595d7 wp-block-columns-is-layout-flex\">\n<div class=\"wp-block-column is-layout-flow wp-block-column-is-layout-flow\" style=\"flex-basis:66.66%\">\n<figure class=\"wp-block-image size-large\"><img loading=\"lazy\" decoding=\"async\" width=\"1024\" height=\"683\" src=\"https:\/\/leabaumgartner.studentsweb.at\/wp-content\/uploads\/2026\/03\/Portrait_UeberMich-1-1024x683.jpg\" alt=\"\" class=\"wp-image-157\" srcset=\"https:\/\/leabaumgartner.studentsweb.at\/wp-content\/uploads\/2026\/03\/Portrait_UeberMich-1-1024x683.jpg 1024w, https:\/\/leabaumgartner.studentsweb.at\/wp-content\/uploads\/2026\/03\/Portrait_UeberMich-1-300x200.jpg 300w, https:\/\/leabaumgartner.studentsweb.at\/wp-content\/uploads\/2026\/03\/Portrait_UeberMich-1-768x512.jpg 768w, https:\/\/leabaumgartner.studentsweb.at\/wp-content\/uploads\/2026\/03\/Portrait_UeberMich-1-1536x1024.jpg 1536w, https:\/\/leabaumgartner.studentsweb.at\/wp-content\/uploads\/2026\/03\/Portrait_UeberMich-1.jpg 1800w\" sizes=\"auto, (max-width: 1024px) 100vw, 1024px\" \/><figcaption class=\"wp-element-caption\">Full length side view of beautiful young fit woman in sportswear working out indoors, practicing yoga exercise on mat, doing downward facing dog pose or Adho Mukha Svanasana sun salutation pose<\/figcaption><\/figure>\n<\/div>\n\n\n\n<div class=\"wp-block-column is-layout-flow wp-block-column-is-layout-flow\" style=\"flex-basis:33.33%\">\n<p>Nice  to meet you \ud83d\ude42<\/p>\n\n\n\n<p>Mein Name ist Susanne und ich komme urspr\u00fcnglich aus dem fernen Imst in Tirol, lebe aber seit<br>2011 in Haag. Meine Liebe zu Pilates hat sich so richtig w\u00e4hrend der Quarant\u00e4ne Zeit bei uns in<br>\u00d6sterreich entwickelt. &#8222;Lockdown made me do it&#8220; &#8211; quasi. Unz\u00e4hlige Instagram Live Video Sessions<br>sp\u00e4ter habe ich mir eine Community von M\u00e4dels aufgebaut, die ich mit meiner Begeisterung f\u00fcr<br>Klassisches Pilates mit mir mitrei\u00dfen und begeistern konnte. Woche f\u00fcr Woche hat sich nicht nur<br>mein \u00c4u\u00dferes, sondern auch mein Inneres ver\u00e4ndert. Eines wei\u00df ich ganz bestimmt: Pilates hat eine<br>360 Grad Wandlung bei mir bewirkt. Mental als auch k\u00f6rperlich hab ich mich noch nie so fit gef\u00fchlt<br>und nebenbei hab ich mit dem stetigen Training auch noch &#8222;easy cheesy&#8220; meine Traumfigur<br>erreicht. N\u00e4mlich: eine aufrechte Haltung, einen gleichm\u00e4\u00dfig trainierten K\u00f6rper, &#8222;leane&#8220; Muskeln,<br>enorme Kraft, verpuffte Cellulite und ein Sixpack oben drauf. It&#8217;s 100% true.<\/p>\n<\/div>\n<\/div>\n\n\n\n<h3 class=\"wp-block-heading\">Fotogalerie<\/h3>\n\n\n\n<div style=\"height:30px\" aria-hidden=\"true\" class=\"wp-block-spacer\"><\/div>\n\n\n\n<figure class=\"wp-block-gallery has-nested-images columns-default is-cropped wp-block-gallery-1 is-layout-flex wp-block-gallery-is-layout-flex\">\n<figure class=\"wp-block-image size-full\"><img loading=\"lazy\" decoding=\"async\" width=\"768\" height=\"1152\" data-id=\"155\" src=\"https:\/\/leabaumgartner.studentsweb.at\/wp-content\/uploads\/2026\/03\/Foto_Pilates_Galerie.jpg\" alt=\"\" class=\"wp-image-155\" srcset=\"https:\/\/leabaumgartner.studentsweb.at\/wp-content\/uploads\/2026\/03\/Foto_Pilates_Galerie.jpg 768w, https:\/\/leabaumgartner.studentsweb.at\/wp-content\/uploads\/2026\/03\/Foto_Pilates_Galerie-200x300.jpg 200w, https:\/\/leabaumgartner.studentsweb.at\/wp-content\/uploads\/2026\/03\/Foto_Pilates_Galerie-683x1024.jpg 683w\" sizes=\"auto, (max-width: 768px) 100vw, 768px\" \/><figcaption class=\"wp-element-caption\">Indoor full length shot of unrecognizable sporty muscular male in sportswear practicing yoga, doing standing split pose or Urdhva Prasarita Eka Padasana, stretching hamstrings, calves and thighs<\/figcaption><\/figure>\n\n\n\n<figure class=\"wp-block-image size-full\"><img loading=\"lazy\" decoding=\"async\" width=\"1152\" height=\"768\" data-id=\"154\" src=\"https:\/\/leabaumgartner.studentsweb.at\/wp-content\/uploads\/2026\/03\/Foto_Pilates_Galerie_1.jpg\" alt=\"\" class=\"wp-image-154\" srcset=\"https:\/\/leabaumgartner.studentsweb.at\/wp-content\/uploads\/2026\/03\/Foto_Pilates_Galerie_1.jpg 1152w, https:\/\/leabaumgartner.studentsweb.at\/wp-content\/uploads\/2026\/03\/Foto_Pilates_Galerie_1-300x200.jpg 300w, https:\/\/leabaumgartner.studentsweb.at\/wp-content\/uploads\/2026\/03\/Foto_Pilates_Galerie_1-1024x683.jpg 1024w, https:\/\/leabaumgartner.studentsweb.at\/wp-content\/uploads\/2026\/03\/Foto_Pilates_Galerie_1-768x512.jpg 768w\" sizes=\"auto, (max-width: 1152px) 100vw, 1152px\" \/><figcaption class=\"wp-element-caption\">Pretty girl wearing leggings and short top standing in side plank on one hand at gym, training body core and balance, strengthening abs muscles. Attractive female doing planking bodyweight exercise<\/figcaption><\/figure>\n<\/figure>\n","protected":false},"excerpt":{"rendered":"<p>Nice to meet you \ud83d\ude42 Mein Name ist Susanne und ich komme urspr\u00fcnglich aus dem fernen Imst in Tirol, lebe aber seit2011 in Haag. Meine Liebe zu Pilates hat sich so richtig w\u00e4hrend der Quarant\u00e4ne Zeit bei uns in\u00d6sterreich entwickelt. &#8222;Lockdown made me do it&#8220; &#8211; quasi. Unz\u00e4hlige Instagram Live Video Sessionssp\u00e4ter habe ich mir&#8230;<\/p>\n","protected":false},"author":1,"featured_media":0,"parent":0,"menu_order":0,"comment_status":"closed","ping_status":"closed","template":"","meta":{"_kad_post_transparent":"","_kad_post_title":"","_kad_post_layout":"","_kad_post_sidebar_id":"","_kad_post_content_style":"","_kad_post_vertical_padding":"","_kad_post_feature":"","_kad_post_feature_position":"","_kad_post_header":false,"_kad_post_footer":false,"_kad_post_classname":"","footnotes":""},"class_list":["post-15","page","type-page","status-publish","hentry"],"_links":{"self":[{"href":"https:\/\/leabaumgartner.studentsweb.at\/index.php?rest_route=\/wp\/v2\/pages\/15","targetHints":{"allow":["GET"]}}],"collection":[{"href":"https:\/\/leabaumgartner.studentsweb.at\/index.php?rest_route=\/wp\/v2\/pages"}],"about":[{"href":"https:\/\/leabaumgartner.studentsweb.at\/index.php?rest_route=\/wp\/v2\/types\/page"}],"author":[{"embeddable":true,"href":"https:\/\/leabaumgartner.studentsweb.at\/index.php?rest_route=\/wp\/v2\/users\/1"}],"replies":[{"embeddable":true,"href":"https:\/\/leabaumgartner.studentsweb.at\/index.php?rest_route=%2Fwp%2Fv2%2Fcomments&post=15"}],"version-history":[{"count":5,"href":"https:\/\/leabaumgartner.studentsweb.at\/index.php?rest_route=\/wp\/v2\/pages\/15\/revisions"}],"predecessor-version":[{"id":159,"href":"https:\/\/leabaumgartner.studentsweb.at\/index.php?rest_route=\/wp\/v2\/pages\/15\/revisions\/159"}],"wp:attachment":[{"href":"https:\/\/leabaumgartner.studentsweb.at\/index.php?rest_route=%2Fwp%2Fv2%2Fmedia&parent=15"}],"curies":[{"name":"wp","href":"https:\/\/api.w.org\/{rel}","templated":true}]}}